{"id":93,"date":"2023-02-17T12:59:07","date_gmt":"2023-02-17T11:59:07","guid":{"rendered":"http:\/\/grennaproduction.fr\/?page_id=93"},"modified":"2023-02-17T14:49:36","modified_gmt":"2023-02-17T13:49:36","slug":"accueil","status":"publish","type":"page","link":"https:\/\/grennaproduction.fr\/","title":{"rendered":"ACCUEIL"},"content":{"rendered":"<section class=\"wpb-content-wrapper\">[vc_row fullwidth=&#8221;true&#8221; equal_columns=&#8221;true&#8221; css=&#8221;.vc_custom_1676635319705{background-image: url(http:\/\/grennaproduction.fr\/wp-content\/uploads\/2023\/02\/video-production-direct-streaming-marseille-1-1.png?id=59) !important;background-position: center !important;background-repeat: no-repeat !important;background-size: cover !important;}&#8221;][vc_column][mk_padding_divider size=&#8221;228&#8243;][mk_fancy_title color=&#8221;#ffffff&#8221; size=&#8221;45&#8243; font_weight=&#8221;600&#8243; letter_spacing=&#8221;4&#8243; font_family=&#8221;Verdana, Geneva, sans-serif&#8221; font_type=&#8221;safefont&#8221; align=&#8221;center&#8221;]<span style=\"vertical-align: inherit;\"><span style=\"vertical-align: inherit;\">REPORTAGE PHOTO &amp; VID\u00c9O<\/span><\/span>[\/mk_fancy_title][vc_custom_heading text=&#8221;Des professionnels de l&#8217;image \u00e0 votre service&#8221; font_container=&#8221;tag:p|font_size:25|text_align:center|color:%23ffffff&#8221; google_fonts=&#8221;font_family:Montserrat%3Aregular%2C700|font_style:400%20regular%3A400%3Anormal&#8221;][mk_padding_divider size=&#8221;228&#8243;][\/vc_column][\/vc_row][vc_row fullwidth=&#8221;true&#8221; css=&#8221;.vc_custom_1676637726212{background-color: #ffffff !important;}&#8221;][vc_column][mk_padding_divider][vc_custom_heading text=&#8221;LA VID\u00c9O UN OUTIL DE COMMUNICATION<br \/>\nINCONTOURNABLE&#8221; font_container=&#8221;tag:h2|text_align:center|color:%23000000&#8243; google_fonts=&#8221;font_family:Montserrat%3Aregular%2C700|font_style:400%20regular%3A400%3Anormal&#8221;][\/vc_column][\/vc_row][vc_row fullwidth=&#8221;true&#8221; css=&#8221;.vc_custom_1676637700948{background-color: #ffffff !important;}&#8221;][vc_column width=&#8221;1\/4&#8243;][\/vc_column][vc_column width=&#8221;1\/2&#8243;][vc_separator color=&#8221;black&#8221; border_width=&#8221;3&#8243; el_width=&#8221;10&#8243;][vc_column_text css=&#8221;.vc_custom_1676636026700{margin-bottom: 0px !important;}&#8221;]\n<p class=\"p1\">Aujourd&#8217;hui la communication passe forc\u00e9ment par la r\u00e9alisation d&#8217;une vid\u00e9o. Il s&#8217;agit d&#8217;un support qui permet de pr\u00e9senter de mani\u00e8re rapide et dynamique votre activit\u00e9, mais \u00e9galement d&#8217;accro\u00eetre votre visibilit\u00e9 sur internet et de ce Fait booster votre r\u00e9f\u00e9rencement en g\u00e9n\u00e9rant plus de trafics sur votre site internet et vos r\u00e9seaux sociaux.<\/p>\n<p class=\"p1\">&#8220;Grenna Production est \u00e0 m\u00eame de vous proposer une prestation compl\u00e8te adapt\u00e9e \u00e0 vos besoins de communication.<\/p>\n[\/vc_column_text][mk_padding_divider][\/vc_column][vc_column width=&#8221;1\/4&#8243;][\/vc_column][\/vc_row][vc_row fullwidth=&#8221;true&#8221; css=&#8221;.vc_custom_1676637836381{background-color: #ffffff !important;}&#8221;][vc_column width=&#8221;1\/4&#8243; css=&#8221;.vc_custom_1676639266369{background-color: #ffffff !important;}&#8221;][vc_icon icon_fontawesome=&#8221;fas fa-rss&#8221; color=&#8221;custom&#8221; background_style=&#8221;rounded&#8221; background_color=&#8221;custom&#8221; size=&#8221;lg&#8221; align=&#8221;center&#8221; custom_color=&#8221;#3f3f3f&#8221; custom_background_color=&#8221;#eacd74&#8243;][mk_ornamental_title font_family=&#8221;Montserrat&#8221; font_type=&#8221;google&#8221; ornament_style=&#8221;lemo-single&#8221; nss_align=&#8221;center&#8221; ornament_color=&#8221;#eacd74&#8243; ornament_thickness=&#8221;2&#8243;]\n<p style=\"text-align: center;\"><span style=\"vertical-align: inherit;\"><span style=\"vertical-align: inherit;\">DIFFUSION EN DIRECT<\/span><\/span><\/p>\n[\/mk_ornamental_title][vc_column_text css=&#8221;.vc_custom_1676637026965{margin-bottom: 0px !important;}&#8221;]\n<p class=\"p1\" style=\"text-align: center;\"><span style=\"vertical-align: inherit;\"><span style=\"vertical-align: inherit;\">Le Live Streaming permet de diffuser en direct n&#8217;importe quel contenu vid\u00e9o comme des conseils municipaux, des spectacles, des webinaires&#8230;<\/span><\/span><\/p>\n[\/vc_column_text][vc_video link=&#8221;https:\/\/vimeo.com\/703180354&#8243;][mk_padding_divider][\/vc_column][vc_column width=&#8221;1\/4&#8243; css=&#8221;.vc_custom_1676639276125{background-color: #ffffff !important;}&#8221;][vc_icon icon_fontawesome=&#8221;fas fa-users&#8221; color=&#8221;custom&#8221; background_style=&#8221;rounded&#8221; background_color=&#8221;custom&#8221; size=&#8221;lg&#8221; align=&#8221;center&#8221; custom_color=&#8221;#000000&#8243; custom_background_color=&#8221;#eacd74&#8243;][mk_ornamental_title font_family=&#8221;Montserrat&#8221; font_type=&#8221;google&#8221; ornament_style=&#8221;lemo-single&#8221; nss_align=&#8221;center&#8221; ornament_color=&#8221;#eacd74&#8243; ornament_thickness=&#8221;2&#8243;]\n<p style=\"text-align: center;\"><span style=\"vertical-align: inherit;\"><span style=\"vertical-align: inherit;\"><span style=\"vertical-align: inherit;\"><span style=\"vertical-align: inherit;\">ENTREPRISE<\/span><\/span><\/span><\/span><\/p>\n[\/mk_ornamental_title][vc_column_text css=&#8221;.vc_custom_1676637595086{margin-bottom: 0px !important;}&#8221;]\n<p class=\"p1\" style=\"text-align: center;\">Le film corporate ou institutionnel vous permet de pr\u00e9senter de mani\u00e8re rapide et dynamique votre entreprise et ses valeurs.<\/p>\n[\/vc_column_text][vc_video link=&#8221;https:\/\/vimeo.com\/703180354&#8243;][mk_padding_divider][\/vc_column][vc_column width=&#8221;1\/4&#8243; css=&#8221;.vc_custom_1676639290647{background-color: #ffffff !important;}&#8221;][vc_icon icon_fontawesome=&#8221;fas fa-calendar&#8221; color=&#8221;custom&#8221; background_style=&#8221;rounded&#8221; background_color=&#8221;custom&#8221; size=&#8221;lg&#8221; align=&#8221;center&#8221; custom_color=&#8221;#000000&#8243; custom_background_color=&#8221;#eacd74&#8243;][mk_ornamental_title font_family=&#8221;Montserrat&#8221; font_type=&#8221;google&#8221; ornament_style=&#8221;lemo-single&#8221; nss_align=&#8221;center&#8221; ornament_color=&#8221;#eacd74&#8243; ornament_thickness=&#8221;2&#8243;]\n<p style=\"text-align: center;\"><span style=\"vertical-align: inherit;\"><span style=\"vertical-align: inherit;\"><span style=\"vertical-align: inherit;\"><span style=\"vertical-align: inherit;\">EVENEMENTIEL<\/span><\/span><\/span><\/span><\/p>\n[\/mk_ornamental_title][vc_column_text css=&#8221;.vc_custom_1676637616551{margin-bottom: 0px !important;}&#8221;]\n<p class=\"p1\" style=\"text-align: center;\">le film \u00e9v\u00e9nementiel (s\u00e9minaire, salon, convention, spectacle&#8230;) est un tr\u00e8s bon outil pour communiquer sur l&#8217;\u00e9v\u00e9nement et montrer sa r\u00e9ussite<\/p>\n[\/vc_column_text][vc_video link=&#8221;https:\/\/vimeo.com\/703180354&#8243;][mk_padding_divider][\/vc_column][vc_column width=&#8221;1\/4&#8243; css=&#8221;.vc_custom_1676639298016{background-color: #ffffff !important;}&#8221;][vc_icon icon_fontawesome=&#8221;fas fa-paint-brush&#8221; color=&#8221;custom&#8221; background_style=&#8221;rounded&#8221; background_color=&#8221;custom&#8221; size=&#8221;lg&#8221; align=&#8221;center&#8221; css_animation=&#8221;fadeIn&#8221; custom_color=&#8221;#000000&#8243; custom_background_color=&#8221;#eacd74&#8243;][mk_ornamental_title font_family=&#8221;Montserrat&#8221; font_type=&#8221;google&#8221; ornament_style=&#8221;lemo-single&#8221; nss_align=&#8221;center&#8221; ornament_color=&#8221;#eacd74&#8243; ornament_thickness=&#8221;2&#8243;]\n<p style=\"text-align: center;\"><span style=\"vertical-align: inherit;\"><span style=\"vertical-align: inherit;\"><span style=\"vertical-align: inherit;\"><span style=\"vertical-align: inherit;\">MOTION-DESIGN<\/span><\/span><\/span><\/span><\/p>\n[\/mk_ornamental_title][vc_column_text css=&#8221;.vc_custom_1676637645974{margin-bottom: 0px !important;}&#8221;]\n<p class=\"p1\" style=\"text-align: center;\">Le motion-design c&#8217;est du graphisme anim\u00e9 qui permet de communiquer sur une id\u00e9e ou un produit de mani\u00e8re , dynamique, intemporelle est attrayante<\/p>\n[\/vc_column_text][vc_video link=&#8221;https:\/\/vimeo.com\/703180354&#8243;][mk_padding_divider][\/vc_column][\/vc_row][vc_section][vc_row fullwidth=&#8221;true&#8221; css=&#8221;.vc_custom_1676638410482{background-color: #ffffff !important;}&#8221;][vc_column][vc_btn title=&#8221;ACCES GALERIE VIDEO&#8221; align=&#8221;center&#8221; css=&#8221;.vc_custom_1676640401419{background-color: #ffffff !important;}&#8221;][mk_padding_divider size=&#8221;64&#8243;][\/vc_column][\/vc_row][\/vc_section][vc_section full_width=&#8221;stretch_row&#8221; css=&#8221;.vc_custom_1676641768697{background-color: #f8f8f8 !important;}&#8221;][vc_row fullwidth=&#8221;true&#8221;][vc_column][vc_custom_heading text=&#8221;LA PHOTOGRAPHIE&#8221; font_container=&#8221;tag:h2|text_align:center|color:%23000000&#8243; google_fonts=&#8221;font_family:Montserrat%3Aregular%2C700|font_style:400%20regular%3A400%3Anormal&#8221;][mk_padding_divider][vc_separator color=&#8221;black&#8221; border_width=&#8221;3&#8243; el_width=&#8221;10&#8243;][mk_padding_divider][\/vc_column][\/vc_row][vc_row fullwidth=&#8221;true&#8221;][vc_column width=&#8221;1\/6&#8243;][\/vc_column][vc_column width=&#8221;2\/3&#8243;][vc_column_text css=&#8221;.vc_custom_1676641576032{margin-bottom: 0px !important;}&#8221;]\n<p class=\"p1\"><span style=\"vertical-align: inherit;\"><span style=\"vertical-align: inherit;\">La photographie \u00e0 un r\u00f4le tr\u00e8s important lorsque l&#8217;on souhaite communiquer sur son activit\u00e9.<\/span><\/span><\/p>\n<p class=\"p1\"><span style=\"vertical-align: inherit;\"><span style=\"vertical-align: inherit;\">Grenna Production mettra \u00e0 votre service son savoir-faire afin de vous proposer des reportages modernes et artistiques pour valoriser votre entreprise. <\/span><span style=\"vertical-align: inherit;\">Nous pouvons \u00e9galement vous proposer des reportages photos \u00e9v\u00e9nementiels.<\/span><\/span><\/p>\n[\/vc_column_text][\/vc_column][vc_column width=&#8221;1\/6&#8243;][\/vc_column][\/vc_row][vc_row fullwidth=&#8221;true&#8221;][vc_column][mk_padding_divider][mk_gallery images=&#8221;44,45,43,42,82&#8243; style=&#8221;style1&#8243; height=&#8221;271&#8243;][\/vc_column][\/vc_row][\/vc_section]\n<\/section>","protected":false},"excerpt":{"rendered":"<p>[vc_row fullwidth=&#8221;true&#8221; equal_columns=&#8221;true&#8221; css=&#8221;.vc_custom_1676635319705{background-image: url(http:\/\/grennaproduction.fr\/wp-content\/uploads\/2023\/02\/video-production-direct-streaming-marseille-1-1.png?id=59) !important;background-position: center !important;background-repeat: no-repeat !important;background-size: cover !important;}&#8221;][vc_column][mk_padding_divider size=&#8221;228&#8243;][mk_fancy_title color=&#8221;#ffffff&#8221; size=&#8221;45&#8243; font_weight=&#8221;600&#8243; letter_spacing=&#8221;4&#8243; font_family=&#8221;Verdana, Geneva, sans-serif&#8221; font_type=&#8221;safefont&#8221; align=&#8221;center&#8221;]REPORTAGE PHOTO &amp; VID\u00c9O[\/mk_fancy_title][vc_custom_heading text=&#8221;Des professionnels de l&#8217;image \u00e0 votre service&#8221; font_container=&#8221;tag:p|font_size:25|text_align:center|color:%23ffffff&#8221; google_fonts=&#8221;font_family:Montserrat%3Aregular%2C700|font_style:400%20regular%3A400%3Anormal&#8221;][mk_padding_divider size=&#8221;228&#8243;][\/vc_column][\/vc_row][vc_row fullwidth=&#8221;true&#8221; css=&#8221;.vc_custom_1676637726212{background-color: #ffffff !important;}&#8221;][vc_column][mk_padding_divider][vc_custom_heading text=&#8221;LA VID\u00c9O UN OUTIL DE COMMUNICATION INCONTOURNABLE&#8221; font_container=&#8221;tag:h2|text_align:center|color:%23000000&#8243; google_fonts=&#8221;font_family:Montserrat%3Aregular%2C700|font_style:400%20regular%3A400%3Anormal&#8221;][\/vc_column][\/vc_row][vc_row fullwidth=&#8221;true&#8221; css=&#8221;.vc_custom_1676637700948{background-color: #ffffff !important;}&#8221;][vc_column width=&#8221;1\/4&#8243;][\/vc_column][vc_column width=&#8221;1\/2&#8243;][vc_separator color=&#8221;black&#8221; [&hellip;]<\/p>\n","protected":false},"author":1,"featured_media":0,"parent":0,"menu_order":0,"comment_status":"closed","ping_status":"closed","template":"","meta":{"footnotes":""},"class_list":["post-93","page","type-page","status-publish","hentry"],"_links":{"self":[{"href":"https:\/\/grennaproduction.fr\/index.php\/wp-json\/wp\/v2\/pages\/93","targetHints":{"allow":["GET"]}}],"collection":[{"href":"https:\/\/grennaproduction.fr\/index.php\/wp-json\/wp\/v2\/pages"}],"about":[{"href":"https:\/\/grennaproduction.fr\/index.php\/wp-json\/wp\/v2\/types\/page"}],"author":[{"embeddable":true,"href":"https:\/\/grennaproduction.fr\/index.php\/wp-json\/wp\/v2\/users\/1"}],"replies":[{"embeddable":true,"href":"https:\/\/grennaproduction.fr\/index.php\/wp-json\/wp\/v2\/comments?post=93"}],"version-history":[{"count":29,"href":"https:\/\/grennaproduction.fr\/index.php\/wp-json\/wp\/v2\/pages\/93\/revisions"}],"predecessor-version":[{"id":132,"href":"https:\/\/grennaproduction.fr\/index.php\/wp-json\/wp\/v2\/pages\/93\/revisions\/132"}],"wp:attachment":[{"href":"https:\/\/grennaproduction.fr\/index.php\/wp-json\/wp\/v2\/media?parent=93"}],"curies":[{"name":"wp","href":"https:\/\/api.w.org\/{rel}","templated":true}]}}